{"id":1437,"date":"2013-09-06T15:19:20","date_gmt":"2013-09-06T15:19:20","guid":{"rendered":"http:\/\/impreza.us-themes.net\/pages\/contact-2\/"},"modified":"2020-12-19T21:48:26","modified_gmt":"2020-12-19T18:48:26","slug":"iletisim","status":"publish","type":"page","link":"https:\/\/kariyer.koton.com.tr\/tr\/iletisim\/","title":{"rendered":"Bize Ula\u015f\u0131n"},"content":{"rendered":"<section class=\"l-section wpb_row height_medium width_full color_primary with_img parallax_ver\"><div class=\"l-section-img\" style=\"background-image: url(https:\/\/kariyer.koton.com.tr\/wp-content\/uploads\/2020\/12\/iletisim.jpg);background-size: auto;\" data-img-width=\"1920\" data-img-height=\"532\"><\/div><div class=\"l-section-h i-cf\"><div class=\"g-cols vc_row type_default valign_top\"><div class=\"vc_col-sm-12 wpb_column vc_column_container\"><div class=\"vc_column-inner\"><div class=\"wpb_wrapper\"><div class=\"w-image align_center\"><div class=\"w-image-h\"><img loading=\"lazy\" decoding=\"async\" width=\"300\" height=\"300\" src=\"data:image\/gif;base64,R0lGODlhAQABAIAAAAAAAP\/\/\/yH5BAEAAAAALAAAAAABAAEAAAIBRAA7\" data-lazy-type=\"image\" data-src=\"https:\/\/kariyer.koton.com.tr\/wp-content\/uploads\/2020\/12\/bize_ulasin-300x300.png\" class=\"lazy lazy-hidden attachment-medium size-medium\" alt=\"\" srcset=\"\" data-srcset=\"https:\/\/kariyer.koton.com.tr\/wp-content\/uploads\/2020\/12\/bize_ulasin-300x300.png 300w, https:\/\/kariyer.koton.com.tr\/wp-content\/uploads\/2020\/12\/bize_ulasin-700x700.png 700w, https:\/\/kariyer.koton.com.tr\/wp-content\/uploads\/2020\/12\/bize_ulasin-150x150.png 150w, https:\/\/kariyer.koton.com.tr\/wp-content\/uploads\/2020\/12\/bize_ulasin-200x200.png 200w, https:\/\/kariyer.koton.com.tr\/wp-content\/uploads\/2020\/12\/bize_ulasin-400x400.png 400w, https:\/\/kariyer.koton.com.tr\/wp-content\/uploads\/2020\/12\/bize_ulasin-500x500.png 500w, https:\/\/kariyer.koton.com.tr\/wp-content\/uploads\/2020\/12\/bize_ulasin-100x100.png 100w, https:\/\/kariyer.koton.com.tr\/wp-content\/uploads\/2020\/12\/bize_ulasin-170x170.png 170w, https:\/\/kariyer.koton.com.tr\/wp-content\/uploads\/2020\/12\/bize_ulasin-130x130.png 130w, https:\/\/kariyer.koton.com.tr\/wp-content\/uploads\/2020\/12\/bize_ulasin-120x120.png 120w, https:\/\/kariyer.koton.com.tr\/wp-content\/uploads\/2020\/12\/bize_ulasin-110x110.png 110w, https:\/\/kariyer.koton.com.tr\/wp-content\/uploads\/2020\/12\/bize_ulasin-220x220.png 220w, https:\/\/kariyer.koton.com.tr\/wp-content\/uploads\/2020\/12\/bize_ulasin-250x250.png 250w, https:\/\/kariyer.koton.com.tr\/wp-content\/uploads\/2020\/12\/bize_ulasin-230x230.png 230w, https:\/\/kariyer.koton.com.tr\/wp-content\/uploads\/2020\/12\/bize_ulasin-240x240.png 240w, https:\/\/kariyer.koton.com.tr\/wp-content\/uploads\/2020\/12\/bize_ulasin-260x260.png 260w, https:\/\/kariyer.koton.com.tr\/wp-content\/uploads\/2020\/12\/bize_ulasin-270x270.png 270w, https:\/\/kariyer.koton.com.tr\/wp-content\/uploads\/2020\/12\/bize_ulasin-140x140.png 140w, https:\/\/kariyer.koton.com.tr\/wp-content\/uploads\/2020\/12\/bize_ulasin.png 1262w\" sizes=\"auto, (max-width: 300px) 100vw, 300px\" \/><\/div><\/div><\/div><\/div><\/div><\/div><\/div><\/section><section class=\"l-section wpb_row height_medium\"><div class=\"l-section-h i-cf\"><div class=\"g-cols vc_row type_default valign_top gap-10px\"><style>.g-cols.gap-10px{margin:0 calc(-1.5rem - 10px)}.gap-10px > .vc_column_container {padding:10px}<\/style><div class=\"vc_col-sm-6 wpb_column vc_column_container\"><div class=\"vc_column-inner\"><div class=\"wpb_wrapper\"><div class=\"w-iconbox iconpos_left style_circle color_primary align_left no_text\"><a class=\"w-iconbox-link\" href=\"mailto:info@example.com\" aria-label=\"ik.direktorlugu@koton.com\"><div class=\"w-iconbox-icon\" style=\"font-size:22px;\"><i class=\"far fa-envelope\"><\/i><\/div><\/a><div class=\"w-iconbox-meta\"><a class=\"w-iconbox-link\" href=\"mailto:info@example.com\" aria-label=\"ik.direktorlugu@koton.com\"><h6 class=\"w-iconbox-title\">ik.direktorlugu@koton.com<\/h6><\/a><\/div><\/div><div class=\"w-separator size_small\"><\/div><div class=\"w-iconbox iconpos_left style_circle color_primary align_left\"><div class=\"w-iconbox-icon\" style=\"font-size:22px;\"><i class=\"far fa-phone\"><\/i><\/div><div class=\"w-iconbox-meta\"><h6 class=\"w-iconbox-title\">M\u00fc\u015fteri \u0130li\u015fkileri: 0850 208 71 71<\/h6><div class=\"w-iconbox-text\"><h6>Genel M\u00fcd\u00fcrl\u00fck: 0212 331 33 00<\/h6>\n<div id=\"gtx-trans\" style=\"position: absolute; left: 97px; top: -16px;\">\n<div class=\"gtx-trans-icon\"><\/div>\n<\/div>\n<\/div><\/div><\/div><div class=\"w-separator size_small\"><\/div><div class=\"w-iconbox iconpos_left style_circle color_primary align_left no_text\"><div class=\"w-iconbox-icon\" style=\"font-size:22px;\"><i class=\"far fa-map\"><\/i><\/div><div class=\"w-iconbox-meta\"><h6 class=\"w-iconbox-title\">Ayaza\u011fa Mahallesi, Ayaza\u011fa Yolu, No:3 A-B Blok, 34450 Sar\u0131yer \/ \u0130stanbul<\/h6><\/div><\/div><div class=\"w-separator size_large\"><\/div><\/div><\/div><\/div><div class=\"vc_col-sm-6 wpb_column vc_column_container\"><div class=\"vc_column-inner\"><div class=\"wpb_wrapper\"><div class=\"w-map provider_osm us_map_1\" id=\"us_map_1\" style=\"height:340px;\"><div class=\"w-map-json\" onclick='return {&quot;address&quot;:&quot;41.1115422,28.9976462&quot;,&quot;markers&quot;:[{&quot;address&quot;:&quot;41.1115422,28.9976462&quot;,&quot;html&quot;:&quot;41.1115422,28.9976462&quot;,&quot;infowindow&quot;:false},{&quot;html&quot;:&quot;41.1115422,28.9976462&quot;,&quot;address&quot;:&quot;41.1115422,28.9976462&quot;,&quot;marker_img&quot;:null,&quot;marker_size&quot;:[&quot;20&quot;,&quot;20&quot;]}],&quot;zoom&quot;:16,&quot;icon&quot;:{&quot;url&quot;:&quot;https:\\\/\\\/kariyer.koton.com.tr\\\/wp-content\\\/uploads\\\/2019\\\/08\\\/koton-icon.png&quot;,&quot;size&quot;:[30,30]},&quot;height&quot;:&quot;340&quot;,&quot;style&quot;:&quot;https:\\\/\\\/{s}.tile.openstreetmap.org\\\/{z}\\\/{x}\\\/{y}.png&quot;,&quot;hideControls&quot;:true,&quot;disableZoom&quot;:true,&quot;disableDragging&quot;:true}'><\/div><\/div><div class=\"w-separator size_small\"><\/div><\/div><\/div><\/div><\/div><\/div><\/section>\n","protected":false},"excerpt":{"rendered":"ik.direktorlugu@koton.comM\u00fc\u015fteri \u0130li\u015fkileri: 0850 208 71 71Genel M\u00fcd\u00fcrl\u00fck: 0212 331 33 00 Ayaza\u011fa Mahallesi, Ayaza\u011fa Yolu, No:3 A-B Blok, 34450 Sar\u0131yer \/ \u0130stanbul","protected":false},"author":1,"featured_media":0,"parent":0,"menu_order":0,"comment_status":"closed","ping_status":"closed","template":"","meta":{"_acf_changed":false,"footnotes":""},"class_list":["post-1437","page","type-page","status-publish","hentry"],"acf":[],"yoast_head":"<!-- This site is optimized with the Yoast SEO plugin v26.6 - https:\/\/yoast.com\/wordpress\/plugins\/seo\/ -->\n<title>Bize Ula\u015f\u0131n - Koton<\/title>\n<meta name=\"robots\" content=\"index, follow, max-snippet:-1, max-image-preview:large, max-video-preview:-1\" \/>\n<link rel=\"canonical\" href=\"https:\/\/kariyer.koton.com.tr\/tr\/iletisim\/\" \/>\n<meta property=\"og:locale\" content=\"tr_TR\" \/>\n<meta property=\"og:type\" content=\"article\" \/>\n<meta property=\"og:title\" content=\"Bize Ula\u015f\u0131n - Koton\" \/>\n<meta property=\"og:url\" content=\"https:\/\/kariyer.koton.com.tr\/tr\/iletisim\/\" \/>\n<meta property=\"og:site_name\" content=\"Koton\" \/>\n<meta property=\"article:modified_time\" content=\"2020-12-19T18:48:26+00:00\" \/>\n<meta name=\"twitter:card\" content=\"summary_large_image\" \/>\n<meta name=\"twitter:label1\" content=\"Tahmini okuma s\u00fcresi\" \/>\n\t<meta name=\"twitter:data1\" content=\"1 dakika\" \/>\n<script type=\"application\/ld+json\" class=\"yoast-schema-graph\">{\"@context\":\"https:\/\/schema.org\",\"@graph\":[{\"@type\":\"WebPage\",\"@id\":\"https:\/\/kariyer.koton.com.tr\/tr\/iletisim\/\",\"url\":\"https:\/\/kariyer.koton.com.tr\/tr\/iletisim\/\",\"name\":\"Bize Ula\u015f\u0131n - Koton\",\"isPartOf\":{\"@id\":\"https:\/\/kariyer.koton.com.tr\/tr\/#website\"},\"datePublished\":\"2013-09-06T15:19:20+00:00\",\"dateModified\":\"2020-12-19T18:48:26+00:00\",\"inLanguage\":\"tr\",\"potentialAction\":[{\"@type\":\"ReadAction\",\"target\":[\"https:\/\/kariyer.koton.com.tr\/tr\/iletisim\/\"]}]},{\"@type\":\"WebSite\",\"@id\":\"https:\/\/kariyer.koton.com.tr\/tr\/#website\",\"url\":\"https:\/\/kariyer.koton.com.tr\/tr\/\",\"name\":\"Koton\",\"description\":\"Koton\",\"potentialAction\":[{\"@type\":\"SearchAction\",\"target\":{\"@type\":\"EntryPoint\",\"urlTemplate\":\"https:\/\/kariyer.koton.com.tr\/tr\/?s={search_term_string}\"},\"query-input\":{\"@type\":\"PropertyValueSpecification\",\"valueRequired\":true,\"valueName\":\"search_term_string\"}}],\"inLanguage\":\"tr\"}]}<\/script>\n<!-- \/ Yoast SEO plugin. -->","yoast_head_json":{"title":"Bize Ula\u015f\u0131n - Koton","robots":{"index":"index","follow":"follow","max-snippet":"max-snippet:-1","max-image-preview":"max-image-preview:large","max-video-preview":"max-video-preview:-1"},"canonical":"https:\/\/kariyer.koton.com.tr\/tr\/iletisim\/","og_locale":"tr_TR","og_type":"article","og_title":"Bize Ula\u015f\u0131n - Koton","og_url":"https:\/\/kariyer.koton.com.tr\/tr\/iletisim\/","og_site_name":"Koton","article_modified_time":"2020-12-19T18:48:26+00:00","twitter_card":"summary_large_image","twitter_misc":{"Tahmini okuma s\u00fcresi":"1 dakika"},"schema":{"@context":"https:\/\/schema.org","@graph":[{"@type":"WebPage","@id":"https:\/\/kariyer.koton.com.tr\/tr\/iletisim\/","url":"https:\/\/kariyer.koton.com.tr\/tr\/iletisim\/","name":"Bize Ula\u015f\u0131n - Koton","isPartOf":{"@id":"https:\/\/kariyer.koton.com.tr\/tr\/#website"},"datePublished":"2013-09-06T15:19:20+00:00","dateModified":"2020-12-19T18:48:26+00:00","inLanguage":"tr","potentialAction":[{"@type":"ReadAction","target":["https:\/\/kariyer.koton.com.tr\/tr\/iletisim\/"]}]},{"@type":"WebSite","@id":"https:\/\/kariyer.koton.com.tr\/tr\/#website","url":"https:\/\/kariyer.koton.com.tr\/tr\/","name":"Koton","description":"Koton","potentialAction":[{"@type":"SearchAction","target":{"@type":"EntryPoint","urlTemplate":"https:\/\/kariyer.koton.com.tr\/tr\/?s={search_term_string}"},"query-input":{"@type":"PropertyValueSpecification","valueRequired":true,"valueName":"search_term_string"}}],"inLanguage":"tr"}]}},"_links":{"self":[{"href":"https:\/\/kariyer.koton.com.tr\/tr\/wp-json\/wp\/v2\/pages\/1437","targetHints":{"allow":["GET"]}}],"collection":[{"href":"https:\/\/kariyer.koton.com.tr\/tr\/wp-json\/wp\/v2\/pages"}],"about":[{"href":"https:\/\/kariyer.koton.com.tr\/tr\/wp-json\/wp\/v2\/types\/page"}],"author":[{"embeddable":true,"href":"https:\/\/kariyer.koton.com.tr\/tr\/wp-json\/wp\/v2\/users\/1"}],"replies":[{"embeddable":true,"href":"https:\/\/kariyer.koton.com.tr\/tr\/wp-json\/wp\/v2\/comments?post=1437"}],"version-history":[{"count":68,"href":"https:\/\/kariyer.koton.com.tr\/tr\/wp-json\/wp\/v2\/pages\/1437\/revisions"}],"predecessor-version":[{"id":9067,"href":"https:\/\/kariyer.koton.com.tr\/tr\/wp-json\/wp\/v2\/pages\/1437\/revisions\/9067"}],"wp:attachment":[{"href":"https:\/\/kariyer.koton.com.tr\/tr\/wp-json\/wp\/v2\/media?parent=1437"}],"curies":[{"name":"wp","href":"https:\/\/api.w.org\/{rel}","templated":true}]}}