{"id":10434,"date":"2021-04-16T16:08:15","date_gmt":"2021-04-16T13:08:15","guid":{"rendered":"https:\/\/www.kotonkariyerim.com\/?page_id=10434"},"modified":"2021-04-16T16:14:20","modified_gmt":"2021-04-16T13:14:20","slug":"contact-us","status":"publish","type":"page","link":"https:\/\/kariyer.koton.com.tr\/en\/contact-us\/","title":{"rendered":"Contact Us"},"content":{"rendered":"<section class=\"l-section wpb_row height_medium width_full color_primary with_img parallax_ver\"><div class=\"l-section-img\" style=\"background-image: url(https:\/\/kariyer.koton.com.tr\/wp-content\/uploads\/2020\/12\/iletisim.jpg);background-size: auto;\" data-img-width=\"1920\" data-img-height=\"532\"><\/div><div class=\"l-section-h i-cf\"><div class=\"g-cols vc_row type_default valign_top\"><div class=\"vc_col-sm-12 wpb_column vc_column_container\"><div class=\"vc_column-inner\"><div class=\"wpb_wrapper\"><div class=\"w-image align_center\"><div class=\"w-image-h\"><img loading=\"lazy\" decoding=\"async\" width=\"200\" height=\"200\" src=\"data:image\/gif;base64,R0lGODlhAQABAIAAAAAAAP\/\/\/yH5BAEAAAAALAAAAAABAAEAAAIBRAA7\" data-lazy-type=\"image\" data-src=\"https:\/\/kariyer.koton.com.tr\/wp-content\/uploads\/2021\/04\/4-beyaz.png\" class=\"lazy lazy-hidden attachment-medium size-medium\" alt=\"\" srcset=\"\" data-srcset=\"https:\/\/kariyer.koton.com.tr\/wp-content\/uploads\/2021\/04\/4-beyaz.png 200w, https:\/\/kariyer.koton.com.tr\/wp-content\/uploads\/2021\/04\/4-beyaz-150x150.png 150w, https:\/\/kariyer.koton.com.tr\/wp-content\/uploads\/2021\/04\/4-beyaz-100x100.png 100w, https:\/\/kariyer.koton.com.tr\/wp-content\/uploads\/2021\/04\/4-beyaz-170x170.png 170w, https:\/\/kariyer.koton.com.tr\/wp-content\/uploads\/2021\/04\/4-beyaz-130x130.png 130w, https:\/\/kariyer.koton.com.tr\/wp-content\/uploads\/2021\/04\/4-beyaz-120x120.png 120w, https:\/\/kariyer.koton.com.tr\/wp-content\/uploads\/2021\/04\/4-beyaz-110x110.png 110w, https:\/\/kariyer.koton.com.tr\/wp-content\/uploads\/2021\/04\/4-beyaz-140x140.png 140w, https:\/\/kariyer.koton.com.tr\/wp-content\/uploads\/2021\/04\/4-beyaz-52x52.png 52w\" sizes=\"auto, (max-width: 200px) 100vw, 200px\" \/><\/div><\/div><\/div><\/div><\/div><\/div><\/div><\/section><section class=\"l-section wpb_row height_medium\"><div class=\"l-section-h i-cf\"><div class=\"g-cols vc_row type_default valign_top gap-10px\"><style>.g-cols.gap-10px{margin:0 calc(-1.5rem - 10px)}.gap-10px > .vc_column_container {padding:10px}<\/style><div class=\"vc_col-sm-6 wpb_column vc_column_container\"><div class=\"vc_column-inner\"><div class=\"wpb_wrapper\"><div class=\"w-iconbox iconpos_left style_circle color_primary align_left no_text\"><a class=\"w-iconbox-link\" href=\"mailto:info@example.com\" aria-label=\"ik.direktorlugu@koton.com\"><div class=\"w-iconbox-icon\" style=\"font-size:22px;\"><i class=\"far fa-envelope\"><\/i><\/div><\/a><div class=\"w-iconbox-meta\"><a class=\"w-iconbox-link\" href=\"mailto:info@example.com\" aria-label=\"ik.direktorlugu@koton.com\"><h6 class=\"w-iconbox-title\">ik.direktorlugu@koton.com<\/h6><\/a><\/div><\/div><div class=\"w-separator size_small\"><\/div><div class=\"w-iconbox iconpos_left style_circle color_primary align_left\"><div class=\"w-iconbox-icon\" style=\"font-size:22px;\"><i class=\"far fa-phone\"><\/i><\/div><div class=\"w-iconbox-meta\"><h6 class=\"w-iconbox-title\">Customer Relations: 0850 208 71 71<\/h6><div class=\"w-iconbox-text\"><h6>Head Quarter: 0212 331 33 00<\/h6>\n<div id=\"gtx-trans\" style=\"position: absolute; left: 97px; top: -16px;\">\n<div class=\"gtx-trans-icon\"><\/div>\n<\/div>\n<\/div><\/div><\/div><div class=\"w-separator size_small\"><\/div><div class=\"w-iconbox iconpos_left style_circle color_primary align_left no_text\"><div class=\"w-iconbox-icon\" style=\"font-size:22px;\"><i class=\"far fa-map\"><\/i><\/div><div class=\"w-iconbox-meta\"><h6 class=\"w-iconbox-title\">Ayaza\u011fa Mahallesi, Ayaza\u011fa Yolu, No:3 A-B Blok, 34450 Sar\u0131yer \/ \u0130stanbul<\/h6><\/div><\/div><div class=\"w-separator size_large\"><\/div><\/div><\/div><\/div><div class=\"vc_col-sm-6 wpb_column vc_column_container\"><div class=\"vc_column-inner\"><div class=\"wpb_wrapper\"><div class=\"w-map provider_osm us_map_1\" id=\"us_map_1\" style=\"height:340px;\"><div class=\"w-map-json\" onclick='return {&quot;address&quot;:&quot;41.1115422,28.9976462&quot;,&quot;markers&quot;:[{&quot;address&quot;:&quot;41.1115422,28.9976462&quot;,&quot;html&quot;:&quot;41.1115422,28.9976462&quot;,&quot;infowindow&quot;:false},{&quot;html&quot;:&quot;41.1115422,28.9976462&quot;,&quot;address&quot;:&quot;41.1115422,28.9976462&quot;,&quot;marker_img&quot;:null,&quot;marker_size&quot;:[&quot;20&quot;,&quot;20&quot;]}],&quot;zoom&quot;:16,&quot;icon&quot;:{&quot;url&quot;:&quot;https:\\\/\\\/kariyer.koton.com.tr\\\/wp-content\\\/uploads\\\/2019\\\/08\\\/koton-icon.png&quot;,&quot;size&quot;:[30,30]},&quot;height&quot;:&quot;340&quot;,&quot;style&quot;:&quot;https:\\\/\\\/{s}.tile.openstreetmap.org\\\/{z}\\\/{x}\\\/{y}.png&quot;,&quot;hideControls&quot;:true,&quot;disableZoom&quot;:true,&quot;disableDragging&quot;:true}'><\/div><\/div><div class=\"w-separator size_small\"><\/div><\/div><\/div><\/div><\/div><\/div><\/section>\n","protected":false},"excerpt":{"rendered":"ik.direktorlugu@koton.comCustomer Relations: 0850 208 71 71 Head Quarter: 0212 331 33 00 Ayaza\u011fa Mahallesi, Ayaza\u011fa Yolu, No:3 A-B Blok, 34450 Sar\u0131yer \/ \u0130stanbul","protected":false},"author":5,"featured_media":0,"parent":0,"menu_order":0,"comment_status":"closed","ping_status":"closed","template":"","meta":{"_acf_changed":false,"footnotes":""},"class_list":["post-10434","page","type-page","status-publish","hentry"],"acf":[],"yoast_head":"<!-- This site is optimized with the Yoast SEO plugin v26.6 - https:\/\/yoast.com\/wordpress\/plugins\/seo\/ -->\n<title>Contact Us - Koton<\/title>\n<meta name=\"robots\" content=\"index, follow, max-snippet:-1, max-image-preview:large, max-video-preview:-1\" \/>\n<link rel=\"canonical\" href=\"https:\/\/kariyer.koton.com.tr\/tr\/iletisim\/\" \/>\n<meta property=\"og:locale\" content=\"en_US\" \/>\n<meta property=\"og:type\" content=\"article\" \/>\n<meta property=\"og:title\" content=\"Contact Us - Koton\" \/>\n<meta property=\"og:url\" content=\"https:\/\/kariyer.koton.com.tr\/tr\/iletisim\/\" \/>\n<meta property=\"og:site_name\" content=\"Koton\" \/>\n<meta property=\"article:modified_time\" content=\"2021-04-16T13:14:20+00:00\" \/>\n<meta name=\"twitter:card\" content=\"summary_large_image\" \/>\n<meta name=\"twitter:label1\" content=\"Est. reading time\" \/>\n\t<meta name=\"twitter:data1\" content=\"1 minute\" \/>\n<script type=\"application\/ld+json\" class=\"yoast-schema-graph\">{\"@context\":\"https:\/\/schema.org\",\"@graph\":[{\"@type\":\"WebPage\",\"@id\":\"https:\/\/kariyer.koton.com.tr\/tr\/iletisim\/\",\"url\":\"https:\/\/kariyer.koton.com.tr\/tr\/iletisim\/\",\"name\":\"Contact Us - Koton\",\"isPartOf\":{\"@id\":\"https:\/\/kariyer.koton.com.tr\/tr\/#website\"},\"datePublished\":\"2021-04-16T13:08:15+00:00\",\"dateModified\":\"2021-04-16T13:14:20+00:00\",\"inLanguage\":\"en-US\",\"potentialAction\":[{\"@type\":\"ReadAction\",\"target\":[\"https:\/\/kariyer.koton.com.tr\/tr\/iletisim\/\"]}]},{\"@type\":\"WebSite\",\"@id\":\"https:\/\/kariyer.koton.com.tr\/tr\/#website\",\"url\":\"https:\/\/kariyer.koton.com.tr\/tr\/\",\"name\":\"Koton\",\"description\":\"Koton\",\"potentialAction\":[{\"@type\":\"SearchAction\",\"target\":{\"@type\":\"EntryPoint\",\"urlTemplate\":\"https:\/\/kariyer.koton.com.tr\/tr\/?s={search_term_string}\"},\"query-input\":{\"@type\":\"PropertyValueSpecification\",\"valueRequired\":true,\"valueName\":\"search_term_string\"}}],\"inLanguage\":\"en-US\"}]}<\/script>\n<!-- \/ Yoast SEO plugin. -->","yoast_head_json":{"title":"Contact Us - Koton","robots":{"index":"index","follow":"follow","max-snippet":"max-snippet:-1","max-image-preview":"max-image-preview:large","max-video-preview":"max-video-preview:-1"},"canonical":"https:\/\/kariyer.koton.com.tr\/tr\/iletisim\/","og_locale":"en_US","og_type":"article","og_title":"Contact Us - Koton","og_url":"https:\/\/kariyer.koton.com.tr\/tr\/iletisim\/","og_site_name":"Koton","article_modified_time":"2021-04-16T13:14:20+00:00","twitter_card":"summary_large_image","twitter_misc":{"Est. reading time":"1 minute"},"schema":{"@context":"https:\/\/schema.org","@graph":[{"@type":"WebPage","@id":"https:\/\/kariyer.koton.com.tr\/tr\/iletisim\/","url":"https:\/\/kariyer.koton.com.tr\/tr\/iletisim\/","name":"Contact Us - Koton","isPartOf":{"@id":"https:\/\/kariyer.koton.com.tr\/tr\/#website"},"datePublished":"2021-04-16T13:08:15+00:00","dateModified":"2021-04-16T13:14:20+00:00","inLanguage":"en-US","potentialAction":[{"@type":"ReadAction","target":["https:\/\/kariyer.koton.com.tr\/tr\/iletisim\/"]}]},{"@type":"WebSite","@id":"https:\/\/kariyer.koton.com.tr\/tr\/#website","url":"https:\/\/kariyer.koton.com.tr\/tr\/","name":"Koton","description":"Koton","potentialAction":[{"@type":"SearchAction","target":{"@type":"EntryPoint","urlTemplate":"https:\/\/kariyer.koton.com.tr\/tr\/?s={search_term_string}"},"query-input":{"@type":"PropertyValueSpecification","valueRequired":true,"valueName":"search_term_string"}}],"inLanguage":"en-US"}]}},"_links":{"self":[{"href":"https:\/\/kariyer.koton.com.tr\/en\/wp-json\/wp\/v2\/pages\/10434","targetHints":{"allow":["GET"]}}],"collection":[{"href":"https:\/\/kariyer.koton.com.tr\/en\/wp-json\/wp\/v2\/pages"}],"about":[{"href":"https:\/\/kariyer.koton.com.tr\/en\/wp-json\/wp\/v2\/types\/page"}],"author":[{"embeddable":true,"href":"https:\/\/kariyer.koton.com.tr\/en\/wp-json\/wp\/v2\/users\/5"}],"replies":[{"embeddable":true,"href":"https:\/\/kariyer.koton.com.tr\/en\/wp-json\/wp\/v2\/comments?post=10434"}],"version-history":[{"count":2,"href":"https:\/\/kariyer.koton.com.tr\/en\/wp-json\/wp\/v2\/pages\/10434\/revisions"}],"predecessor-version":[{"id":10441,"href":"https:\/\/kariyer.koton.com.tr\/en\/wp-json\/wp\/v2\/pages\/10434\/revisions\/10441"}],"wp:attachment":[{"href":"https:\/\/kariyer.koton.com.tr\/en\/wp-json\/wp\/v2\/media?parent=10434"}],"curies":[{"name":"wp","href":"https:\/\/api.w.org\/{rel}","templated":true}]}}